{"id":2,"date":"2024-06-19T08:49:24","date_gmt":"2024-06-19T08:49:24","guid":{"rendered":"https:\/\/vougafruits.celeumasandbox.pt\/?page_id=2"},"modified":"2025-04-29T12:02:19","modified_gmt":"2025-04-29T12:02:19","slug":"sobre-nos","status":"publish","type":"page","link":"https:\/\/vougafruits.celeumasandbox.pt\/en\/sobre-nos\/","title":{"rendered":"About Us"},"content":{"rendered":"<p style=\"text-align: justify;\">Vougafruits is a young company, founded in 2023, which brings together a group of 50 producers, with extensive experience of soft fruit production. Based in Sever do Vouga, considered the. Capital of Blueberries, as it was here that the first blueberry orchard was established in Portugal. From here, we will bring our fruits to the world's table.<br \/>\nIt is from this cradle of national fruit-growing that we bring our fresh, quality fruit to the world's tables.<\/p>\n<p>&nbsp;<\/p>","protected":false},"excerpt":{"rendered":"<p>A Vougafruits \u00e9 uma empresa jovem, fundada em 2023, que agrega um grupo de cinquenta produtores, com larga experi\u00eancia na produ\u00e7\u00e3o de pequenos frutos. Estamos sediados em Sever do Vouga, considerada a Capital do Mirtilo, pois, foi aqui que se implementou o primeiro pomar de mirtilos em Portugal. \u00c9 a partir deste ber\u00e7o da fruticultura [&hellip;]<\/p>","protected":false},"author":1,"featured_media":1857,"parent":0,"menu_order":0,"comment_status":"closed","ping_status":"open","template":"page-about.php","meta":{"_acf_changed":false,"footnotes":""},"class_list":["post-2","page","type-page","status-publish","has-post-thumbnail","hentry"],"acf":[],"yoast_head":"<!-- This site is optimized with the Yoast SEO plugin v24.9 - https:\/\/yoast.com\/wordpress\/plugins\/seo\/ -->\n<title>Sobre N\u00f3s - Vouga Fruits<\/title>\n<meta name=\"robots\" content=\"noindex, follow, max-snippet:-1, max-image-preview:large, max-video-preview:-1\" \/>\n<meta property=\"og:locale\" content=\"en_GB\" \/>\n<meta property=\"og:type\" content=\"article\" \/>\n<meta property=\"og:title\" content=\"Sobre N\u00f3s - Vouga Fruits\" \/>\n<meta property=\"og:description\" content=\"A Vougafruits \u00e9 uma empresa jovem, fundada em 2023, que agrega um grupo de cinquenta produtores, com larga experi\u00eancia na produ\u00e7\u00e3o de pequenos frutos. Estamos sediados em Sever do Vouga, considerada a Capital do Mirtilo, pois, foi aqui que se implementou o primeiro pomar de mirtilos em Portugal. \u00c9 a partir deste ber\u00e7o da fruticultura [&hellip;]\" \/>\n<meta property=\"og:url\" content=\"https:\/\/vougafruits.celeumasandbox.pt\/en\/sobre-nos\/\" \/>\n<meta property=\"og:site_name\" content=\"Vouga Fruits\" \/>\n<meta property=\"article:modified_time\" content=\"2025-04-29T12:02:19+00:00\" \/>\n<meta property=\"og:image\" content=\"https:\/\/vougafruits.celeumasandbox.pt\/wp-content\/uploads\/2025\/04\/Beige-Jewelry-Collage-Instagram-Post-7-1024x790.png\" \/>\n\t<meta property=\"og:image:width\" content=\"1024\" \/>\n\t<meta property=\"og:image:height\" content=\"790\" \/>\n\t<meta property=\"og:image:type\" content=\"image\/png\" \/>\n<meta name=\"twitter:card\" content=\"summary_large_image\" \/>\n<meta name=\"twitter:label1\" content=\"Estimated reading time\" \/>\n\t<meta name=\"twitter:data1\" content=\"1 minute\" \/>\n<script type=\"application\/ld+json\" class=\"yoast-schema-graph\">{\"@context\":\"https:\/\/schema.org\",\"@graph\":[{\"@type\":\"WebPage\",\"@id\":\"https:\/\/vougafruits.celeumasandbox.pt\/sobre-nos\/\",\"url\":\"https:\/\/vougafruits.celeumasandbox.pt\/sobre-nos\/\",\"name\":\"Sobre N\u00f3s - Vouga Fruits\",\"isPartOf\":{\"@id\":\"https:\/\/vougafruits.celeumasandbox.pt\/#website\"},\"primaryImageOfPage\":{\"@id\":\"https:\/\/vougafruits.celeumasandbox.pt\/sobre-nos\/#primaryimage\"},\"image\":{\"@id\":\"https:\/\/vougafruits.celeumasandbox.pt\/sobre-nos\/#primaryimage\"},\"thumbnailUrl\":\"https:\/\/vougafruits.celeumasandbox.pt\/wp-content\/uploads\/2025\/04\/Beige-Jewelry-Collage-Instagram-Post-7.png\",\"datePublished\":\"2024-06-19T08:49:24+00:00\",\"dateModified\":\"2025-04-29T12:02:19+00:00\",\"breadcrumb\":{\"@id\":\"https:\/\/vougafruits.celeumasandbox.pt\/sobre-nos\/#breadcrumb\"},\"inLanguage\":\"en-GB\",\"potentialAction\":[{\"@type\":\"ReadAction\",\"target\":[\"https:\/\/vougafruits.celeumasandbox.pt\/sobre-nos\/\"]}]},{\"@type\":\"ImageObject\",\"inLanguage\":\"en-GB\",\"@id\":\"https:\/\/vougafruits.celeumasandbox.pt\/sobre-nos\/#primaryimage\",\"url\":\"https:\/\/vougafruits.celeumasandbox.pt\/wp-content\/uploads\/2025\/04\/Beige-Jewelry-Collage-Instagram-Post-7.png\",\"contentUrl\":\"https:\/\/vougafruits.celeumasandbox.pt\/wp-content\/uploads\/2025\/04\/Beige-Jewelry-Collage-Instagram-Post-7.png\",\"width\":1193,\"height\":920},{\"@type\":\"BreadcrumbList\",\"@id\":\"https:\/\/vougafruits.celeumasandbox.pt\/sobre-nos\/#breadcrumb\",\"itemListElement\":[{\"@type\":\"ListItem\",\"position\":1,\"name\":\"In\u00edcio\",\"item\":\"https:\/\/vougafruits.celeumasandbox.pt\/\"},{\"@type\":\"ListItem\",\"position\":2,\"name\":\"Sobre N\u00f3s\"}]},{\"@type\":\"WebSite\",\"@id\":\"https:\/\/vougafruits.celeumasandbox.pt\/#website\",\"url\":\"https:\/\/vougafruits.celeumasandbox.pt\/\",\"name\":\"Vouga Fruits\",\"description\":\"A sua fruta em boas m\u00e3os\",\"publisher\":{\"@id\":\"https:\/\/vougafruits.celeumasandbox.pt\/#organization\"},\"potentialAction\":[{\"@type\":\"SearchAction\",\"target\":{\"@type\":\"EntryPoint\",\"urlTemplate\":\"https:\/\/vougafruits.celeumasandbox.pt\/?s={search_term_string}\"},\"query-input\":{\"@type\":\"PropertyValueSpecification\",\"valueRequired\":true,\"valueName\":\"search_term_string\"}}],\"inLanguage\":\"en-GB\"},{\"@type\":\"Organization\",\"@id\":\"https:\/\/vougafruits.celeumasandbox.pt\/#organization\",\"name\":\"Vouga Fruits\",\"url\":\"https:\/\/vougafruits.celeumasandbox.pt\/\",\"logo\":{\"@type\":\"ImageObject\",\"inLanguage\":\"en-GB\",\"@id\":\"https:\/\/vougafruits.celeumasandbox.pt\/#\/schema\/logo\/image\/\",\"url\":\"https:\/\/vougafruits.celeumasandbox.pt\/wp-content\/uploads\/2025\/04\/Logo.svg\",\"contentUrl\":\"https:\/\/vougafruits.celeumasandbox.pt\/wp-content\/uploads\/2025\/04\/Logo.svg\",\"caption\":\"Vouga Fruits\"},\"image\":{\"@id\":\"https:\/\/vougafruits.celeumasandbox.pt\/#\/schema\/logo\/image\/\"}}]}<\/script>\n<!-- \/ Yoast SEO plugin. -->","yoast_head_json":{"title":"Sobre N\u00f3s - Vouga Fruits","robots":{"index":"noindex","follow":"follow","max-snippet":"max-snippet:-1","max-image-preview":"max-image-preview:large","max-video-preview":"max-video-preview:-1"},"og_locale":"en_GB","og_type":"article","og_title":"Sobre N\u00f3s - Vouga Fruits","og_description":"A Vougafruits \u00e9 uma empresa jovem, fundada em 2023, que agrega um grupo de cinquenta produtores, com larga experi\u00eancia na produ\u00e7\u00e3o de pequenos frutos. Estamos sediados em Sever do Vouga, considerada a Capital do Mirtilo, pois, foi aqui que se implementou o primeiro pomar de mirtilos em Portugal. \u00c9 a partir deste ber\u00e7o da fruticultura [&hellip;]","og_url":"https:\/\/vougafruits.celeumasandbox.pt\/en\/sobre-nos\/","og_site_name":"Vouga Fruits","article_modified_time":"2025-04-29T12:02:19+00:00","og_image":[{"width":1024,"height":790,"url":"https:\/\/vougafruits.celeumasandbox.pt\/wp-content\/uploads\/2025\/04\/Beige-Jewelry-Collage-Instagram-Post-7-1024x790.png","type":"image\/png"}],"twitter_card":"summary_large_image","twitter_misc":{"Estimated reading time":"1 minute"},"schema":{"@context":"https:\/\/schema.org","@graph":[{"@type":"WebPage","@id":"https:\/\/vougafruits.celeumasandbox.pt\/sobre-nos\/","url":"https:\/\/vougafruits.celeumasandbox.pt\/sobre-nos\/","name":"Sobre N\u00f3s - Vouga Fruits","isPartOf":{"@id":"https:\/\/vougafruits.celeumasandbox.pt\/#website"},"primaryImageOfPage":{"@id":"https:\/\/vougafruits.celeumasandbox.pt\/sobre-nos\/#primaryimage"},"image":{"@id":"https:\/\/vougafruits.celeumasandbox.pt\/sobre-nos\/#primaryimage"},"thumbnailUrl":"https:\/\/vougafruits.celeumasandbox.pt\/wp-content\/uploads\/2025\/04\/Beige-Jewelry-Collage-Instagram-Post-7.png","datePublished":"2024-06-19T08:49:24+00:00","dateModified":"2025-04-29T12:02:19+00:00","breadcrumb":{"@id":"https:\/\/vougafruits.celeumasandbox.pt\/sobre-nos\/#breadcrumb"},"inLanguage":"en-GB","potentialAction":[{"@type":"ReadAction","target":["https:\/\/vougafruits.celeumasandbox.pt\/sobre-nos\/"]}]},{"@type":"ImageObject","inLanguage":"en-GB","@id":"https:\/\/vougafruits.celeumasandbox.pt\/sobre-nos\/#primaryimage","url":"https:\/\/vougafruits.celeumasandbox.pt\/wp-content\/uploads\/2025\/04\/Beige-Jewelry-Collage-Instagram-Post-7.png","contentUrl":"https:\/\/vougafruits.celeumasandbox.pt\/wp-content\/uploads\/2025\/04\/Beige-Jewelry-Collage-Instagram-Post-7.png","width":1193,"height":920},{"@type":"BreadcrumbList","@id":"https:\/\/vougafruits.celeumasandbox.pt\/sobre-nos\/#breadcrumb","itemListElement":[{"@type":"ListItem","position":1,"name":"In\u00edcio","item":"https:\/\/vougafruits.celeumasandbox.pt\/"},{"@type":"ListItem","position":2,"name":"Sobre N\u00f3s"}]},{"@type":"WebSite","@id":"https:\/\/vougafruits.celeumasandbox.pt\/#website","url":"https:\/\/vougafruits.celeumasandbox.pt\/","name":"Vouga Fruits","description":"A sua fruta em boas m\u00e3os","publisher":{"@id":"https:\/\/vougafruits.celeumasandbox.pt\/#organization"},"potentialAction":[{"@type":"SearchAction","target":{"@type":"EntryPoint","urlTemplate":"https:\/\/vougafruits.celeumasandbox.pt\/?s={search_term_string}"},"query-input":{"@type":"PropertyValueSpecification","valueRequired":true,"valueName":"search_term_string"}}],"inLanguage":"en-GB"},{"@type":"Organization","@id":"https:\/\/vougafruits.celeumasandbox.pt\/#organization","name":"Vouga Fruits","url":"https:\/\/vougafruits.celeumasandbox.pt\/","logo":{"@type":"ImageObject","inLanguage":"en-GB","@id":"https:\/\/vougafruits.celeumasandbox.pt\/#\/schema\/logo\/image\/","url":"https:\/\/vougafruits.celeumasandbox.pt\/wp-content\/uploads\/2025\/04\/Logo.svg","contentUrl":"https:\/\/vougafruits.celeumasandbox.pt\/wp-content\/uploads\/2025\/04\/Logo.svg","caption":"Vouga Fruits"},"image":{"@id":"https:\/\/vougafruits.celeumasandbox.pt\/#\/schema\/logo\/image\/"}}]}},"_links":{"self":[{"href":"https:\/\/vougafruits.celeumasandbox.pt\/en\/wp-json\/wp\/v2\/pages\/2","targetHints":{"allow":["GET"]}}],"collection":[{"href":"https:\/\/vougafruits.celeumasandbox.pt\/en\/wp-json\/wp\/v2\/pages"}],"about":[{"href":"https:\/\/vougafruits.celeumasandbox.pt\/en\/wp-json\/wp\/v2\/types\/page"}],"author":[{"embeddable":true,"href":"https:\/\/vougafruits.celeumasandbox.pt\/en\/wp-json\/wp\/v2\/users\/1"}],"replies":[{"embeddable":true,"href":"https:\/\/vougafruits.celeumasandbox.pt\/en\/wp-json\/wp\/v2\/comments?post=2"}],"version-history":[{"count":69,"href":"https:\/\/vougafruits.celeumasandbox.pt\/en\/wp-json\/wp\/v2\/pages\/2\/revisions"}],"predecessor-version":[{"id":1859,"href":"https:\/\/vougafruits.celeumasandbox.pt\/en\/wp-json\/wp\/v2\/pages\/2\/revisions\/1859"}],"wp:featuredmedia":[{"embeddable":true,"href":"https:\/\/vougafruits.celeumasandbox.pt\/en\/wp-json\/wp\/v2\/media\/1857"}],"wp:attachment":[{"href":"https:\/\/vougafruits.celeumasandbox.pt\/en\/wp-json\/wp\/v2\/media?parent=2"}],"curies":[{"name":"wp","href":"https:\/\/api.w.org\/{rel}","templated":true}]}}