{"id":186,"date":"2024-07-11T14:37:35","date_gmt":"2024-07-11T14:37:35","guid":{"rendered":"https:\/\/vougafruits.celeumasandbox.pt\/?page_id=186"},"modified":"2025-04-23T11:54:28","modified_gmt":"2025-04-23T11:54:28","slug":"apoio-ao-produtor","status":"publish","type":"page","link":"https:\/\/vougafruits.celeumasandbox.pt\/en\/apoio-ao-produtor\/","title":{"rendered":"Producer Support"},"content":{"rendered":"<p style=\"text-align: center;\">Our main objective is to create added value for both the producers and the end customer. We work to provide, our producers, with knowledge capable to provide production standards that guarantee the quality and reliability of the fruit, bearing in mind the need to continually improve and innovate.<\/p>\n<p style=\"text-align: center;\">We are creating our story, we have all those who want to be part of it.<\/p>","protected":false},"excerpt":{"rendered":"<p>O nosso principal objetivo \u00e9 criar valor acrescentado tanto para o produtor como para o cliente final. Trabalhamos para fornecer, aos nossos produtores, conhecimento capaz de criar padr\u00f5es de produ\u00e7\u00e3o que garantam a qualidade e a fiabilidade da fruta, tendo presente a necessidade de melhorar e inovar continuamente. Estamos a criar a nossa hist\u00f3ria, contamos [&hellip;]<\/p>","protected":false},"author":1,"featured_media":0,"parent":0,"menu_order":0,"comment_status":"closed","ping_status":"closed","template":"page-artigos3.php","meta":{"_acf_changed":false,"footnotes":""},"class_list":["post-186","page","type-page","status-publish","hentry"],"acf":[],"yoast_head":"<!-- This site is optimized with the Yoast SEO plugin v24.9 - https:\/\/yoast.com\/wordpress\/plugins\/seo\/ -->\n<title>Apoio ao Produtor - Vouga Fruits<\/title>\n<meta name=\"robots\" content=\"noindex, follow, max-snippet:-1, max-image-preview:large, max-video-preview:-1\" \/>\n<meta property=\"og:locale\" content=\"en_GB\" \/>\n<meta property=\"og:type\" content=\"article\" \/>\n<meta property=\"og:title\" content=\"Apoio ao Produtor - Vouga Fruits\" \/>\n<meta property=\"og:description\" content=\"O nosso principal objetivo \u00e9 criar valor acrescentado tanto para o produtor como para o cliente final. Trabalhamos para fornecer, aos nossos produtores, conhecimento capaz de criar padr\u00f5es de produ\u00e7\u00e3o que garantam a qualidade e a fiabilidade da fruta, tendo presente a necessidade de melhorar e inovar continuamente. Estamos a criar a nossa hist\u00f3ria, contamos [&hellip;]\" \/>\n<meta property=\"og:url\" content=\"https:\/\/vougafruits.celeumasandbox.pt\/en\/apoio-ao-produtor\/\" \/>\n<meta property=\"og:site_name\" content=\"Vouga Fruits\" \/>\n<meta property=\"article:modified_time\" content=\"2025-04-23T11:54:28+00:00\" \/>\n<meta name=\"twitter:card\" content=\"summary_large_image\" \/>\n<meta name=\"twitter:label1\" content=\"Estimated reading time\" \/>\n\t<meta name=\"twitter:data1\" content=\"1 minute\" \/>\n<script type=\"application\/ld+json\" class=\"yoast-schema-graph\">{\"@context\":\"https:\/\/schema.org\",\"@graph\":[{\"@type\":\"WebPage\",\"@id\":\"https:\/\/vougafruits.celeumasandbox.pt\/apoio-ao-produtor\/\",\"url\":\"https:\/\/vougafruits.celeumasandbox.pt\/apoio-ao-produtor\/\",\"name\":\"Apoio ao Produtor - Vouga Fruits\",\"isPartOf\":{\"@id\":\"https:\/\/vougafruits.celeumasandbox.pt\/#website\"},\"datePublished\":\"2024-07-11T14:37:35+00:00\",\"dateModified\":\"2025-04-23T11:54:28+00:00\",\"breadcrumb\":{\"@id\":\"https:\/\/vougafruits.celeumasandbox.pt\/apoio-ao-produtor\/#breadcrumb\"},\"inLanguage\":\"en-GB\",\"potentialAction\":[{\"@type\":\"ReadAction\",\"target\":[\"https:\/\/vougafruits.celeumasandbox.pt\/apoio-ao-produtor\/\"]}]},{\"@type\":\"BreadcrumbList\",\"@id\":\"https:\/\/vougafruits.celeumasandbox.pt\/apoio-ao-produtor\/#breadcrumb\",\"itemListElement\":[{\"@type\":\"ListItem\",\"position\":1,\"name\":\"In\u00edcio\",\"item\":\"https:\/\/vougafruits.celeumasandbox.pt\/\"},{\"@type\":\"ListItem\",\"position\":2,\"name\":\"Apoio ao Produtor\"}]},{\"@type\":\"WebSite\",\"@id\":\"https:\/\/vougafruits.celeumasandbox.pt\/#website\",\"url\":\"https:\/\/vougafruits.celeumasandbox.pt\/\",\"name\":\"Vouga Fruits\",\"description\":\"A sua fruta em boas m\u00e3os\",\"publisher\":{\"@id\":\"https:\/\/vougafruits.celeumasandbox.pt\/#organization\"},\"potentialAction\":[{\"@type\":\"SearchAction\",\"target\":{\"@type\":\"EntryPoint\",\"urlTemplate\":\"https:\/\/vougafruits.celeumasandbox.pt\/?s={search_term_string}\"},\"query-input\":{\"@type\":\"PropertyValueSpecification\",\"valueRequired\":true,\"valueName\":\"search_term_string\"}}],\"inLanguage\":\"en-GB\"},{\"@type\":\"Organization\",\"@id\":\"https:\/\/vougafruits.celeumasandbox.pt\/#organization\",\"name\":\"Vouga Fruits\",\"url\":\"https:\/\/vougafruits.celeumasandbox.pt\/\",\"logo\":{\"@type\":\"ImageObject\",\"inLanguage\":\"en-GB\",\"@id\":\"https:\/\/vougafruits.celeumasandbox.pt\/#\/schema\/logo\/image\/\",\"url\":\"https:\/\/vougafruits.celeumasandbox.pt\/wp-content\/uploads\/2025\/04\/Logo.svg\",\"contentUrl\":\"https:\/\/vougafruits.celeumasandbox.pt\/wp-content\/uploads\/2025\/04\/Logo.svg\",\"caption\":\"Vouga Fruits\"},\"image\":{\"@id\":\"https:\/\/vougafruits.celeumasandbox.pt\/#\/schema\/logo\/image\/\"}}]}<\/script>\n<!-- \/ Yoast SEO plugin. -->","yoast_head_json":{"title":"Apoio ao Produtor - Vouga Fruits","robots":{"index":"noindex","follow":"follow","max-snippet":"max-snippet:-1","max-image-preview":"max-image-preview:large","max-video-preview":"max-video-preview:-1"},"og_locale":"en_GB","og_type":"article","og_title":"Apoio ao Produtor - Vouga Fruits","og_description":"O nosso principal objetivo \u00e9 criar valor acrescentado tanto para o produtor como para o cliente final. Trabalhamos para fornecer, aos nossos produtores, conhecimento capaz de criar padr\u00f5es de produ\u00e7\u00e3o que garantam a qualidade e a fiabilidade da fruta, tendo presente a necessidade de melhorar e inovar continuamente. Estamos a criar a nossa hist\u00f3ria, contamos [&hellip;]","og_url":"https:\/\/vougafruits.celeumasandbox.pt\/en\/apoio-ao-produtor\/","og_site_name":"Vouga Fruits","article_modified_time":"2025-04-23T11:54:28+00:00","twitter_card":"summary_large_image","twitter_misc":{"Estimated reading time":"1 minute"},"schema":{"@context":"https:\/\/schema.org","@graph":[{"@type":"WebPage","@id":"https:\/\/vougafruits.celeumasandbox.pt\/apoio-ao-produtor\/","url":"https:\/\/vougafruits.celeumasandbox.pt\/apoio-ao-produtor\/","name":"Apoio ao Produtor - Vouga Fruits","isPartOf":{"@id":"https:\/\/vougafruits.celeumasandbox.pt\/#website"},"datePublished":"2024-07-11T14:37:35+00:00","dateModified":"2025-04-23T11:54:28+00:00","breadcrumb":{"@id":"https:\/\/vougafruits.celeumasandbox.pt\/apoio-ao-produtor\/#breadcrumb"},"inLanguage":"en-GB","potentialAction":[{"@type":"ReadAction","target":["https:\/\/vougafruits.celeumasandbox.pt\/apoio-ao-produtor\/"]}]},{"@type":"BreadcrumbList","@id":"https:\/\/vougafruits.celeumasandbox.pt\/apoio-ao-produtor\/#breadcrumb","itemListElement":[{"@type":"ListItem","position":1,"name":"In\u00edcio","item":"https:\/\/vougafruits.celeumasandbox.pt\/"},{"@type":"ListItem","position":2,"name":"Apoio ao Produtor"}]},{"@type":"WebSite","@id":"https:\/\/vougafruits.celeumasandbox.pt\/#website","url":"https:\/\/vougafruits.celeumasandbox.pt\/","name":"Vouga Fruits","description":"A sua fruta em boas m\u00e3os","publisher":{"@id":"https:\/\/vougafruits.celeumasandbox.pt\/#organization"},"potentialAction":[{"@type":"SearchAction","target":{"@type":"EntryPoint","urlTemplate":"https:\/\/vougafruits.celeumasandbox.pt\/?s={search_term_string}"},"query-input":{"@type":"PropertyValueSpecification","valueRequired":true,"valueName":"search_term_string"}}],"inLanguage":"en-GB"},{"@type":"Organization","@id":"https:\/\/vougafruits.celeumasandbox.pt\/#organization","name":"Vouga Fruits","url":"https:\/\/vougafruits.celeumasandbox.pt\/","logo":{"@type":"ImageObject","inLanguage":"en-GB","@id":"https:\/\/vougafruits.celeumasandbox.pt\/#\/schema\/logo\/image\/","url":"https:\/\/vougafruits.celeumasandbox.pt\/wp-content\/uploads\/2025\/04\/Logo.svg","contentUrl":"https:\/\/vougafruits.celeumasandbox.pt\/wp-content\/uploads\/2025\/04\/Logo.svg","caption":"Vouga Fruits"},"image":{"@id":"https:\/\/vougafruits.celeumasandbox.pt\/#\/schema\/logo\/image\/"}}]}},"_links":{"self":[{"href":"https:\/\/vougafruits.celeumasandbox.pt\/en\/wp-json\/wp\/v2\/pages\/186","targetHints":{"allow":["GET"]}}],"collection":[{"href":"https:\/\/vougafruits.celeumasandbox.pt\/en\/wp-json\/wp\/v2\/pages"}],"about":[{"href":"https:\/\/vougafruits.celeumasandbox.pt\/en\/wp-json\/wp\/v2\/types\/page"}],"author":[{"embeddable":true,"href":"https:\/\/vougafruits.celeumasandbox.pt\/en\/wp-json\/wp\/v2\/users\/1"}],"replies":[{"embeddable":true,"href":"https:\/\/vougafruits.celeumasandbox.pt\/en\/wp-json\/wp\/v2\/comments?post=186"}],"version-history":[{"count":31,"href":"https:\/\/vougafruits.celeumasandbox.pt\/en\/wp-json\/wp\/v2\/pages\/186\/revisions"}],"predecessor-version":[{"id":223,"href":"https:\/\/vougafruits.celeumasandbox.pt\/en\/wp-json\/wp\/v2\/pages\/186\/revisions\/223"}],"wp:attachment":[{"href":"https:\/\/vougafruits.celeumasandbox.pt\/en\/wp-json\/wp\/v2\/media?parent=186"}],"curies":[{"name":"wp","href":"https:\/\/api.w.org\/{rel}","templated":true}]}}